{"id":542,"date":"2021-09-15T18:46:45","date_gmt":"2021-09-15T18:46:45","guid":{"rendered":"https:\/\/ahmedbayun.com\/?page_id=542"},"modified":"2022-07-15T21:30:10","modified_gmt":"2022-07-15T18:30:10","slug":"tests","status":"publish","type":"page","link":"https:\/\/www.jamalmedia.com\/tr\/tests\/","title":{"rendered":"Tests"},"content":{"rendered":"<div data-elementor-type=\"wp-page\" data-elementor-id=\"542\" class=\"elementor elementor-542\" data-elementor-post-type=\"page\">\n\t\t\t\t\t\t\t\t\t<section class=\"elementor-section elementor-top-section elementor-element elementor-element-b00e6ce elementor-section-boxed elementor-section-height-default elementor-section-height-default\" data-id=\"b00e6ce\" data-element_type=\"section\" data-settings=\"{&quot;_ha_eqh_enable&quot;:false}\">\n\t\t\t\t\t\t<div class=\"elementor-container elementor-column-gap-default\">\n\t\t\t\t\t<div class=\"elementor-column elementor-col-100 elementor-top-column elementor-element elementor-element-f2f425a\" data-id=\"f2f425a\" data-element_type=\"column\">\n\t\t\t<div class=\"elementor-widget-wrap\">\n\t\t\t\t\t\t\t\t\t<\/div>\n\t\t<\/div>\n\t\t\t\t\t\t\t<\/div>\n\t\t<\/section>\n\t\t\t\t<section class=\"elementor-section elementor-top-section elementor-element elementor-element-ff78d97 elementor-section-boxed elementor-section-height-default elementor-section-height-default\" data-id=\"ff78d97\" data-element_type=\"section\" data-settings=\"{&quot;_ha_eqh_enable&quot;:false}\">\n\t\t\t\t\t\t<div class=\"elementor-container elementor-column-gap-default\">\n\t\t\t\t\t<div class=\"elementor-column elementor-col-100 elementor-top-column elementor-element elementor-element-5454cb8\" data-id=\"5454cb8\" data-element_type=\"column\">\n\t\t\t<div class=\"elementor-widget-wrap elementor-element-populated\">\n\t\t\t\t\t\t\t\t<div class=\"elementor-element elementor-element-08193c9 elementor-skin-coverflow elementor-arrows-yes elementor-pagination-type-bullets elementor-pagination-position-outside elementor-widget elementor-widget-media-carousel\" data-id=\"08193c9\" data-element_type=\"widget\" data-settings=\"{&quot;skin&quot;:&quot;coverflow&quot;,&quot;show_arrows&quot;:&quot;yes&quot;,&quot;pagination&quot;:&quot;bullets&quot;,&quot;speed&quot;:500,&quot;autoplay&quot;:&quot;yes&quot;,&quot;autoplay_speed&quot;:5000,&quot;loop&quot;:&quot;yes&quot;,&quot;pause_on_hover&quot;:&quot;yes&quot;,&quot;pause_on_interaction&quot;:&quot;yes&quot;,&quot;space_between&quot;:{&quot;unit&quot;:&quot;px&quot;,&quot;size&quot;:10,&quot;sizes&quot;:[]},&quot;space_between_tablet&quot;:{&quot;unit&quot;:&quot;px&quot;,&quot;size&quot;:10,&quot;sizes&quot;:[]},&quot;space_between_mobile&quot;:{&quot;unit&quot;:&quot;px&quot;,&quot;size&quot;:10,&quot;sizes&quot;:[]}}\" data-widget_type=\"media-carousel.default\">\n\t\t\t\t<div class=\"elementor-widget-container\">\n\t\t\t\t\t<div class=\"elementor-swiper\">\n\t\t\t<div class=\"elementor-main-swiper swiper-container\">\n\t\t\t\t<div class=\"swiper-wrapper\">\n\t\t\t\t\t\t\t\t\t\t\t<div class=\"swiper-slide\">\n\t\t\t\t\t\t\t<a href=\"http:\/\/jamalmedia.com\/wp-content\/plugins\/elementor\/assets\/images\/placeholder.png\" data-elementor-open-lightbox=\"yes\" data-elementor-lightbox-slideshow=\"08193c9\" data-e-action-hash=\"#elementor-action%3Aaction%3Dlightbox%26settings%3DeyJzbGlkZXNob3ciOiIwODE5M2M5In0%3D\" data-elementor-lightbox-video=\"https:\/\/www.youtube.com\/embed\/-WjCo0IgNgc?feature=oembed&amp;autoplay=1&amp;rel=0&amp;controls=0\" target=\"_blank\" rel=\"noopener\">\t\t<div class=\"elementor-carousel-image\" role=\"img\" aria-label=\"\" style=\"background-image: url(&#039;http:\/\/jamalmedia.com\/wp-content\/plugins\/elementor\/assets\/images\/placeholder.png&#039;)\">\n\n\t\t\t\n\t\t\t\t\t\t\t<div class=\"elementor-custom-embed-play\">\n\t\t\t\t\t<i aria-hidden=\"true\" class=\"eicon-play\"><\/i>\t\t\t\t\t<span class=\"elementor-screen-only\">Play<\/span>\n\t\t\t\t<\/div>\n\t\t\t\t\t<\/div>\n\t\t\t\t\t<div class=\"elementor-carousel-image-overlay e-overlay-animation-fade\">\n\t\t\t\tTests\t\t\t<\/div>\n\t\t\t<\/a>\t\t\t\t\t\t<\/div>\n\t\t\t\t\t\t\t\t\t\t\t<div class=\"swiper-slide\">\n\t\t\t\t\t\t\t\t\t<div class=\"elementor-carousel-image\" role=\"img\" aria-label=\"\" style=\"background-image: url(&#039;http:\/\/jamalmedia.com\/wp-content\/plugins\/elementor\/assets\/images\/placeholder.png&#039;)\">\n\n\t\t\t\n\t\t\t\t\t<\/div>\n\t\t\t\t\t<div class=\"elementor-carousel-image-overlay e-overlay-animation-fade\">\n\t\t\t\tTests\t\t\t<\/div>\n\t\t\t\t\t\t\t\t\t<\/div>\n\t\t\t\t\t\t\t\t\t\t\t<div class=\"swiper-slide\">\n\t\t\t\t\t\t\t\t\t<div class=\"elementor-carousel-image\" role=\"img\" aria-label=\"\" style=\"background-image: url(&#039;http:\/\/jamalmedia.com\/wp-content\/plugins\/elementor\/assets\/images\/placeholder.png&#039;)\">\n\n\t\t\t\n\t\t\t\t\t<\/div>\n\t\t\t\t\t<div class=\"elementor-carousel-image-overlay e-overlay-animation-fade\">\n\t\t\t\tTests\t\t\t<\/div>\n\t\t\t\t\t\t\t\t\t<\/div>\n\t\t\t\t\t\t\t\t\t\t\t<div class=\"swiper-slide\">\n\t\t\t\t\t\t\t\t\t<div class=\"elementor-carousel-image\" role=\"img\" aria-label=\"\" style=\"background-image: url(&#039;http:\/\/jamalmedia.com\/wp-content\/plugins\/elementor\/assets\/images\/placeholder.png&#039;)\">\n\n\t\t\t\n\t\t\t\t\t<\/div>\n\t\t\t\t\t<div class=\"elementor-carousel-image-overlay e-overlay-animation-fade\">\n\t\t\t\tTests\t\t\t<\/div>\n\t\t\t\t\t\t\t\t\t<\/div>\n\t\t\t\t\t\t\t\t\t\t\t<div class=\"swiper-slide\">\n\t\t\t\t\t\t\t\t\t<div class=\"elementor-carousel-image\" role=\"img\" aria-label=\"\" style=\"background-image: url(&#039;http:\/\/jamalmedia.com\/wp-content\/plugins\/elementor\/assets\/images\/placeholder.png&#039;)\">\n\n\t\t\t\n\t\t\t\t\t<\/div>\n\t\t\t\t\t<div class=\"elementor-carousel-image-overlay e-overlay-animation-fade\">\n\t\t\t\tTests\t\t\t<\/div>\n\t\t\t\t\t\t\t\t\t<\/div>\n\t\t\t\t\t\t\t\t\t<\/div>\n\t\t\t\t\t\t\t\t\t\t\t\t\t\t\t<div class=\"swiper-pagination\"><\/div>\n\t\t\t\t\t\t\t\t\t\t\t\t\t\t\t\t<div class=\"elementor-swiper-button elementor-swiper-button-prev\" role=\"button\" tabindex=\"0\">\n\t\t\t\t\t\t\t<i aria-hidden=\"true\" class=\"eicon-chevron-left\"><\/i>\t\t\t\t\t\t\t<span class=\"elementor-screen-only\">Previous<\/span>\n\t\t\t\t\t\t<\/div>\n\t\t\t\t\t\t<div class=\"elementor-swiper-button elementor-swiper-button-next\" role=\"button\" tabindex=\"0\">\n\t\t\t\t\t\t\t<i aria-hidden=\"true\" class=\"eicon-chevron-right\"><\/i>\t\t\t\t\t\t\t<span class=\"elementor-screen-only\">Next<\/span>\n\t\t\t\t\t\t<\/div>\n\t\t\t\t\t\t\t\t\t\t\t\t<\/div>\n\t\t<\/div>\n\t\t\t\t<\/div>\n\t\t\t\t<\/div>\n\t\t\t\t<div class=\"elementor-element elementor-element-29cb670 elementor-widget elementor-widget-premium-carousel-widget\" data-id=\"29cb670\" data-element_type=\"widget\" data-widget_type=\"premium-carousel-widget.default\">\n\t\t\t\t<div class=\"elementor-widget-container\">\n\t\t\t\r\n\t\t<div id=\"premium-carousel-wrapper-29cb670\" class=\"premium-carousel-wrapper premium-carousel-hidden carousel-wrapper-29cb670   premium-carousel-dots-below\" data-settings=\"{&quot;vertical&quot;:false,&quot;slidesToScroll&quot;:1,&quot;slidesToShow&quot;:1,&quot;infinite&quot;:true,&quot;speed&quot;:300,&quot;fade&quot;:false,&quot;autoplay&quot;:true,&quot;autoplaySpeed&quot;:5000,&quot;draggable&quot;:true,&quot;touchMove&quot;:true,&quot;rtl&quot;:false,&quot;adaptiveHeight&quot;:false,&quot;variableWidth&quot;:false,&quot;cssEase&quot;:&quot;ease&quot;,&quot;pauseOnHover&quot;:false,&quot;centerMode&quot;:false,&quot;centerPadding&quot;:&quot;15px&quot;,&quot;arrows&quot;:true,&quot;dots&quot;:true,&quot;slidesDesk&quot;:1,&quot;slidesTab&quot;:1,&quot;slidesMob&quot;:1,&quot;animation&quot;:&quot;null&quot;,&quot;tabletBreak&quot;:1025,&quot;mobileBreak&quot;:768,&quot;navigation&quot;:[&quot;&quot;]}\">\r\n\t\t\t\t\t\t\t<div class=\"premium-carousel-nav-dot\">\r\n\t\t\t\t\t\t\t\t\t<i class=\"fas fa-circle\" aria-hidden=\"true\"><\/i>\r\n\t\t\t\t\t\t\t\t\t<\/div>\r\n\t\t\t\t\t\t\t\t\t\t<div class=\"premium-carousel-nav-arrow-prev\">\r\n\t\t\t\t\t<a type=\"button\" data-role=\"none\" class=\"carousel-arrow carousel-prev\" aria-label=\"Previous\" role=\"button\">\r\n\t\t\t\t\t\t\t\t\t\t\t\t<i class=\"fas fa-angle-left\" aria-hidden=\"true\"><\/i>\r\n\t\t\t\t\t\t\t\t\t\t\t<\/a>\r\n\t\t\t\t<\/div>\r\n\t\t\t\t<div class=\"premium-carousel-nav-arrow-next\">\r\n\t\t\t\t\t<a type=\"button\" data-role=\"none\" class=\"carousel-arrow carousel-next\" aria-label=\"Next\" role=\"button\">\r\n\t\t\t\t\t\t\t\t\t\t\t\t<i class=\"fas fa-angle-right\" aria-hidden=\"true\"><\/i>\r\n\t\t\t\t\t\t\t\t\t\t\t<\/a>\r\n\t\t\t\t<\/div>\r\n\t\t\t\t\t\t<div id=\"premium-carousel-29cb670\" class=\"premium-carousel-inner\">\r\n\t\t\t\t\t\t\t<\/div>\r\n\t\t<\/div>\r\n\t\t\t\t<\/div>\n\t\t\t\t<\/div>\n\t\t\t\t\t<\/div>\n\t\t<\/div>\n\t\t\t\t\t\t\t<\/div>\n\t\t<\/section>\n\t\t\t\t<section class=\"elementor-section elementor-top-section elementor-element elementor-element-0d037d5 elementor-section-boxed elementor-section-height-default elementor-section-height-default\" data-id=\"0d037d5\" data-element_type=\"section\" data-settings=\"{&quot;_ha_eqh_enable&quot;:false}\">\n\t\t\t\t\t\t<div class=\"elementor-container elementor-column-gap-default\">\n\t\t\t\t\t<div class=\"elementor-column elementor-col-50 elementor-top-column elementor-element elementor-element-8f30cc6\" data-id=\"8f30cc6\" data-element_type=\"column\">\n\t\t\t<div class=\"elementor-widget-wrap elementor-element-populated\">\n\t\t\t\t\t\t\t\t<div class=\"elementor-element elementor-element-85e5a2f ekit-off-canvas-position-right elementor-widget elementor-widget-elementskit-header-offcanvas\" data-id=\"85e5a2f\" data-element_type=\"widget\" data-widget_type=\"elementskit-header-offcanvas.default\">\n\t\t\t\t<div class=\"elementor-widget-container\">\n\t\t\t<div class=\"ekit-wid-con\" >        <div class=\"ekit-offcanvas-toggle-wraper\">\n            <a href=\"#\" class=\"ekit_navSidebar-button ekit_offcanvas-sidebar\">\n                <i aria-hidden=\"true\" class=\"icon icon-burger-menu\"><\/i>            <\/a>\n        <\/div>\n        <!-- offset cart strart -->\n        <!-- sidebar cart item -->\n        <div class=\"ekit-sidebar-group info-group\">\n            <div class=\"ekit-overlay ekit-bg-black\"><\/div>\n            <div class=\"ekit-sidebar-widget\">\n                <div class=\"ekit_sidebar-widget-container\">\n                    <div class=\"ekit_widget-heading\">\n                        <a href=\"#\" class=\"ekit_close-side-widget\">\n\n                            <i aria-hidden=\"true\" class=\"fas fa-times\"><\/i>\n                        <\/a>\n                    <\/div>\n                    <div class=\"ekit_sidebar-textwidget\">\n                        \n\t\t<div class=\"widgetarea_warper widgetarea_warper_editable\" data-elementskit-widgetarea-key=\"85e5a2f\"  data-elementskit-widgetarea-index=\"99\">\n\t\t\t<div class=\"widgetarea_warper_edit\" data-elementskit-widgetarea-key=\"85e5a2f\" data-elementskit-widgetarea-index=\"99\">\n\t\t\t\t<i class=\"eicon-edit\" aria-hidden=\"true\"><\/i>\n\t\t\t\t<span>Edit Content<\/span>\n\t\t\t<\/div>\n\n\t\t\t\t\t\t\t\t<div class=\"elementor-widget-container\">\n\t\t\t\t\tClick on the Edit Content button to edit\/add the content.\t\t\t\t\t<\/div>\n\t\t\t\t\t\t<\/div>\n\t\t \n                    <\/div>\n                <\/div>\n            <\/div>\n        <\/div> <!-- END sidebar widget item -->\n        <!-- END offset cart strart -->\n        <\/div>\t\t<\/div>\n\t\t\t\t<\/div>\n\t\t\t\t\t<\/div>\n\t\t<\/div>\n\t\t\t\t<div class=\"elementor-column elementor-col-50 elementor-top-column elementor-element elementor-element-c4ef4d4\" data-id=\"c4ef4d4\" data-element_type=\"column\">\n\t\t\t<div class=\"elementor-widget-wrap\">\n\t\t\t\t\t\t\t\t\t<\/div>\n\t\t<\/div>\n\t\t\t\t\t\t\t<\/div>\n\t\t<\/section>\n\t\t\t\t<section class=\"elementor-section elementor-top-section elementor-element elementor-element-17531c2 elementor-section-boxed elementor-section-height-default elementor-section-height-default\" data-id=\"17531c2\" data-element_type=\"section\" data-settings=\"{&quot;_ha_eqh_enable&quot;:false}\">\n\t\t\t\t\t\t<div class=\"elementor-container elementor-column-gap-default\">\n\t\t\t\t\t<div class=\"elementor-column elementor-col-100 elementor-top-column elementor-element elementor-element-8df2f03\" data-id=\"8df2f03\" data-element_type=\"column\">\n\t\t\t<div class=\"elementor-widget-wrap elementor-element-populated\">\n\t\t\t\t\t\t\t\t<div class=\"elementor-element elementor-element-447b24a elementor-widget elementor-widget-booknetic\" data-id=\"447b24a\" data-element_type=\"widget\" data-widget_type=\"booknetic.default\">\n\t\t\t\t<div class=\"elementor-widget-container\">\n\t\t\t\n<div id=\"booknetic_progress\" class=\"booknetic_progress_waiting booknetic_progress_done\"><dt><\/dt><dd><\/dd><\/div>\n\n<div class=\"booknetic_appointment\" id=\"booknetic_theme_4\">\n\t<div class=\"booknetic_appointment_steps has-logo\">\n\t\t\t\t<div class=\"booknetic_company_logo\">\n\t\t\t<img decoding=\"async\" src=\"https:\/\/www.jamalmedia.com\/wp-content\/uploads\/booknetic\/settings\/4305e714fbcde312942e80a474783863.png\" alt=\"-\" title=\"\">\n\t\t<\/div>\n\t\t\t\t<div class=\"booknetic_appointment_steps_body\">\n\t\t\t                <div class=\"need_copy  booknetic_appointment_step_element booknetic_menu_hidden\"  data-value=\"1\" data-step-id=\"location\" data-loader=\"card1\" data-title=\"Konum se\u00e7in\" >\n                    <span class=\"booknetic_badge\"><\/span>\n                    <span class=\"booknetic_step_title\"> Konum<\/span>\n                <\/div>\n                                <div class=\"need_copy  booknetic_appointment_step_element booknetic_menu_hidden\"  data-value=\"1\" data-step-id=\"staff\" data-loader=\"card1\" data-title=\"Personel se\u00e7in\" >\n                    <span class=\"booknetic_badge\"><\/span>\n                    <span class=\"booknetic_step_title\"> Personel<\/span>\n                <\/div>\n                                <div class=\"need_copy  booknetic_appointment_step_element booknetic_menu_hidden\"  data-value=\"1\" data-step-id=\"service\" data-loader=\"card2\" data-title=\"Hizmet se\u00e7in\"  data-service-category=\"1\" data-is-recurring=\"0\">\n                    <span class=\"booknetic_badge\"><\/span>\n                    <span class=\"booknetic_step_title\"> Hizmet<\/span>\n                <\/div>\n                                <div class=\"need_copy  booknetic_appointment_step_element\"  data-step-id=\"service_extras\" data-loader=\"card2\" data-title=\"Ek hizmet se\u00e7in\" >\n                    <span class=\"booknetic_badge\"><\/span>\n                    <span class=\"booknetic_step_title\"> Ek hizmet<\/span>\n                <\/div>\n                                <div class=\"need_copy  booknetic_appointment_step_element\"  data-step-id=\"date_time\" data-loader=\"card3\" data-title=\"Tarih ve Saati se\u00e7in\" >\n                    <span class=\"booknetic_badge\"><\/span>\n                    <span class=\"booknetic_step_title\"> Tarih ve Saat<\/span>\n                <\/div>\n                                <div class=\"need_copy  booknetic_appointment_step_element booknetic_menu_hidden\"  data-step-id=\"recurring_info\" data-loader=\"card3\" data-title=\"Recurring info\" >\n                    <span class=\"booknetic_badge\"><\/span>\n                    <span class=\"booknetic_step_title\"> Recurring info<\/span>\n                <\/div>\n                                <div class=\"need_copy  booknetic_appointment_step_element\"  data-step-id=\"information\" data-loader=\"card3\" data-title=\"Bilgileri doldurun\" >\n                    <span class=\"booknetic_badge\"><\/span>\n                    <span class=\"booknetic_step_title\"> Bilgi<\/span>\n                <\/div>\n                                <div class=\"booknetic_appointment_step_element\"  data-step-id=\"cart\" data-loader=\"card3\" data-title=\"Add to cart\" >\n                    <span class=\"booknetic_badge\"><\/span>\n                    <span class=\"booknetic_step_title\"> Cart<\/span>\n                <\/div>\n                                <div class=\"booknetic_appointment_step_element\"  data-step-id=\"confirm_details\" data-loader=\"card3\" data-title=\"Ayr\u0131nt\u0131lar\u0131 Onayla\" >\n                    <span class=\"booknetic_badge\"><\/span>\n                    <span class=\"booknetic_step_title\"> Onay<\/span>\n                <\/div>\n                        <\/div>\n        <div class=\"booknetic_appointment_steps_footer\">\n            <div class=\"booknetic_appointment_steps_footer_txt1\">Bir sorunuz mu var?<\/div>\n            <div class=\"booknetic_appointment_steps_footer_txt2\">+90 535 569 42 92<\/div>\n        <\/div>\n    <\/div>\n    <div class=\"booknetic_appointment_container\">\n\n        <div class=\"booknetic_appointment_container_header\">\n            <div class=\"booknetic_appointment_container_header_text\"><\/div>\n                        <div class=\"booknetic_appointment_container_header_cart booknetic_hidden\">\n                <div class=\"booknetic-appointment-container-cart-btn\">\n                    <img decoding=\"async\" src=\"https:\/\/www.jamalmedia.com\/wp-content\/plugins\/booknetic\/app\/Frontend\/assets\/icons\/cart.svg\" alt=\"-\" title=\"\">\n                    <span>0<\/span>\n                <\/div>\n            <\/div>\n                    <\/div>\n        <div class=\"booknetic_appointment_container_body\">\n\n            <div class=\"booknetic_preloader_card1_box booknetic_hidden\">\n\n                <div class=\"booknetic_preloader_card1\">\n                    <div class=\"booknetic_preloader_card1_image\"><\/div>\n                    <div class=\"booknetic_preloader_card1_description\"><\/div>\n                <\/div>\n\n                <div class=\"booknetic_preloader_card1\">\n                    <div class=\"booknetic_preloader_card1_image\"><\/div>\n                    <div class=\"booknetic_preloader_card1_description\"><\/div>\n                <\/div>\n\n                <div class=\"booknetic_preloader_card1\">\n                    <div class=\"booknetic_preloader_card1_image\"><\/div>\n                    <div class=\"booknetic_preloader_card1_description\"><\/div>\n                <\/div>\n\n            <\/div>\n\n            <div class=\"booknetic_preloader_card2_box booknetic_hidden\">\n                <div class=\"booknetic_preloader_card2\">\n                    <div class=\"booknetic_preloader_card2_image\"><\/div>\n                    <div class=\"booknetic_preloader_card2_description\"><\/div>\n                <\/div>\n\n                <div class=\"booknetic_preloader_card2\">\n                    <div class=\"booknetic_preloader_card2_image\"><\/div>\n                    <div class=\"booknetic_preloader_card2_description\"><\/div>\n                <\/div>\n\n                <div class=\"booknetic_preloader_card2\">\n                    <div class=\"booknetic_preloader_card2_image\"><\/div>\n                    <div class=\"booknetic_preloader_card2_description\"><\/div>\n                <\/div>\n            <\/div>\n\n            <div class=\"booknetic_preloader_card3_box booknetic_hidden\">\n                <div class=\"booknetic_preloader_card3\"><\/div>\n                <div class=\"booknetic_preloader_card3\"><\/div>\n                <div class=\"booknetic_preloader_card3\"><\/div>\n                <div class=\"booknetic_preloader_card3\"><\/div>\n            <\/div>\n\n            <div class=\"booknetic_need_copy\" >\n                <div data-step-id=\"location\" class=\"booknetic_hidden\"><\/div>\n                <div data-step-id=\"staff\" class=\"booknetic_hidden\"><\/div>\n                <div data-step-id=\"service\" class=\"booknetic_hidden\"><\/div>\n                <div data-step-id=\"service_extras\" class=\"booknetic_hidden\"><\/div>\n                <div data-step-id=\"date_time\" class=\"booknetic_hidden\"><\/div>\n                <div data-step-id=\"recurring_info\" class=\"booknetic_hidden\"><\/div>\n                <div data-step-id=\"information\" class=\"booknetic_hidden\"><\/div>\n            <\/div>\n            <div data-step-id=\"cart\" class=\"booknetic_hidden\"><\/div>\n            <div data-step-id=\"confirm_details\" class=\"booknetic_hidden\"><\/div>\n\n            <div class=\"booknetic_appointment_finished_with_error booknetic_hidden\">\n                <img decoding=\"async\" src=\"https:\/\/www.jamalmedia.com\/wp-content\/plugins\/booknetic\/app\/Frontend\/assets\/images\/payment-error.svg\" alt=\"-\" title=\"\">\n                <div>We aren\u2019t able to process your payment. Please, try again.<\/div>\n            <\/div>\n\n        <\/div>\n        <div class=\"booknetic_appointment_container_footer\">\n            <button type=\"button\" class=\"booknetic_btn_secondary booknetic_prev_step\">GER\u0130<\/button>\n            <div class=\"booknetic_warning_message\"><\/div>\n            <button type=\"button\" class=\"booknetic_btn_primary booknetic_next_step booknetic_next_step_btn\">\u0130LER\u0130<\/button>\n            <button type=\"button\" class=\"booknetic_btn_primary booknetic_next_step booknetic_confirm_booking_btn\">REZERVASYONU B\u0130T\u0130R<\/button>\n            <button type=\"button\" class=\"booknetic_btn_primary booknetic_hidden booknetic_try_again_btn\">TRY AGAIN<\/button>\n        <\/div>\n    <\/div>\n    <div class=\"booknetic_appointment_finished\">\n        <div class=\"booknetic_appointment_finished_icon\"><img decoding=\"async\" src=\"https:\/\/www.jamalmedia.com\/wp-content\/plugins\/booknetic\/app\/Frontend\/assets\/icons\/status-ok.svg\" alt=\"-\" title=\"\"><\/div>\n        <div class=\"booknetic_appointment_finished_title\">Rezervasyon ba\u015far\u0131yla tamamland\u0131<\/div>\n        <div class=\"booknetic_appointment_finished_subtitle\">Sizin onay kodunuz:<\/div>\n        <div class=\"booknetic_appointment_finished_code\"><\/div>\n        <div class=\"booknetic_appointment_finished_actions\">\n            <button type=\"button\" id=\"booknetic_add_to_google_calendar_btn\" class=\"booknetic_btn_secondary\"><img decoding=\"async\" src=\"https:\/\/www.jamalmedia.com\/wp-content\/plugins\/booknetic\/app\/Frontend\/assets\/icons\/calendar.svg\" alt=\"-\" title=\"\"> GOOGLE TAKV\u0130M\u0130NE EKLE<\/button>\n            <button type=\"button\" id=\"booknetic_start_new_booking_btn\" class=\"booknetic_btn_secondary\"><img decoding=\"async\" src=\"https:\/\/www.jamalmedia.com\/wp-content\/plugins\/booknetic\/app\/Frontend\/assets\/icons\/plus.svg\" alt=\"-\" title=\"\"> YEN\u0130 REZERVASYON<\/button>\n            <button type=\"button\" id=\"booknetic_finish_btn\" class=\"booknetic_btn_secondary\" data-redirect-url=\"\"><img decoding=\"async\" src=\"https:\/\/www.jamalmedia.com\/wp-content\/plugins\/booknetic\/app\/Frontend\/assets\/icons\/check-small.svg\" alt=\"-\" title=\"\"> TAMAMLA<\/button>\n        <\/div>\n    <\/div>\n    <\/div>\n\n\t\t<\/div>\n\t\t\t\t<\/div>\n\t\t\t\t\t<\/div>\n\t\t<\/div>\n\t\t\t\t\t\t\t<\/div>\n\t\t<\/section>\n\t\t\t\t\t\t\t<\/div>","protected":false},"excerpt":{"rendered":"<p>Play Tests Tests Tests Tests Tests Previous Next Edit Click here to add content. Location Staff Service Service Extras Date &amp; Time Recurring info Information Cart Confirmation Have any questions? +90 535 569 42 92 0 We aren\u2019t able to process your payment. Please, try again. BACK NEXT STEP CONFIRM BOOKING TRY AGAIN Thank you [&hellip;]<\/p>","protected":false},"author":1,"featured_media":0,"parent":0,"menu_order":0,"comment_status":"closed","ping_status":"closed","template":"","meta":{"_mi_skip_tracking":false,"footnotes":""},"class_list":["post-542","page","type-page","status-publish","hentry"],"acf":[],"_links":{"self":[{"href":"https:\/\/www.jamalmedia.com\/tr\/wp-json\/wp\/v2\/pages\/542","targetHints":{"allow":["GET"]}}],"collection":[{"href":"https:\/\/www.jamalmedia.com\/tr\/wp-json\/wp\/v2\/pages"}],"about":[{"href":"https:\/\/www.jamalmedia.com\/tr\/wp-json\/wp\/v2\/types\/page"}],"author":[{"embeddable":true,"href":"https:\/\/www.jamalmedia.com\/tr\/wp-json\/wp\/v2\/users\/1"}],"replies":[{"embeddable":true,"href":"https:\/\/www.jamalmedia.com\/tr\/wp-json\/wp\/v2\/comments?post=542"}],"version-history":[{"count":112,"href":"https:\/\/www.jamalmedia.com\/tr\/wp-json\/wp\/v2\/pages\/542\/revisions"}],"predecessor-version":[{"id":2898,"href":"https:\/\/www.jamalmedia.com\/tr\/wp-json\/wp\/v2\/pages\/542\/revisions\/2898"}],"wp:attachment":[{"href":"https:\/\/www.jamalmedia.com\/tr\/wp-json\/wp\/v2\/media?parent=542"}],"curies":[{"name":"wp","href":"https:\/\/api.w.org\/{rel}","templated":true}]}}